{"id":4871,"date":"2015-05-03T23:05:20","date_gmt":"2015-05-03T21:05:20","guid":{"rendered":"http:\/\/www.skiclub-olpe.de\/wp\/?page_id=4871"},"modified":"2018-11-30T06:58:31","modified_gmt":"2018-11-30T05:58:31","slug":"unsere-vereinshuette-in-fahlenscheid","status":"publish","type":"page","link":"https:\/\/www.skiclub-olpe.de\/wp\/der-verein\/unsere-vereinshuette-in-fahlenscheid\/","title":{"rendered":"Die Vereinsh\u00fctte"},"content":{"rendered":"<div id=\"attachment_884\" style=\"width: 100px\" class=\"wp-caption alignleft\"><a href=\"http:\/\/www.skiclub-olpe.de\/wp\/wp-content\/uploads\/Huette_hinten2.jpg\"><img loading=\"lazy\" decoding=\"async\" aria-describedby=\"caption-attachment-884\" class=\"size-thumbnail wp-image-884\" src=\"http:\/\/www.skiclub-olpe.de\/wp\/wp-content\/uploads\/Huette_hinten2-100x100.jpg\" alt=\"Skih\u00fctte Fahlenscheid im Winter\" height=\"100\" width=\"100\"\/><\/a><p id=\"caption-attachment-884\" class=\"wp-caption-text\">Skih\u00fctte Fahlenscheid im Winter<\/p><\/div>\n<p>Direkt am Skigebiet in Olpe Fahlenscheid befindet sich unsere Vereinsh\u00fctte. Auf einem vom Landwirt Josef Stinn gepachteten Grundst\u00fcck wurde der massive Bau&nbsp;in Eigenleistung von Skiclubmitgliedern erstellt. Die H\u00fctte ist voll unterkellert und bietet so die M\u00f6glichkeit z.B. Material f\u00fcr unsere Aktivit\u00e4ten am Skihang zu lagern, aber auch alles f\u00fcr eine z\u00fcnftige Gartenparty kann dort untergebracht werden. Auch eine Dusche und Toiletten sind vorhanden. Im Erdgeschoss ist neben einem &nbsp;Vorraum eine kleine K\u00fcche und angrenzend ein gr\u00f6\u00dferer Aufenthaltsraum mit Holzofen vorhanden.<\/p>\n<p>Im Winter w\u00e4hrend des Liftbetriebs ist die H\u00fctte bewirtschaftet. Dann sind uns Samstag- und Sonntagnachmittag Vereinsmitglieder herzlich willkommen.<\/p>\n<p>&nbsp;<\/p>\n<p><strong>Die H\u00fctte kann aber auch von Vereinsmitgliedern gegen eine Geb\u00fchr f\u00fcr Feierlichkeiten aller Art gemietet werden. N\u00e4here Ausk\u00fcnfte hierzu erteilt der H\u00fcttenwart (<a href=\"https:\/\/www.skiclub-olpe.de\/wp\/ansprechpartner\/\">Kontakt siehe hier<\/a>).<br \/>\n<\/strong><\/p>\n<p><a href=\"http:\/\/www.skiclub-olpe.de\/wp\/wp-content\/uploads\/skihuette2.jpg\"><img loading=\"lazy\" decoding=\"async\" class=\"alignleft size-full wp-image-189\" src=\"http:\/\/www.skiclub-olpe.de\/wp\/wp-content\/uploads\/skihuette2.jpg\" alt=\"skihuette\" height=\"213\" width=\"283\"\/><\/a><\/p>\n<p>&nbsp;<\/p>\n<p>&nbsp;<\/p>\n","protected":false},"excerpt":{"rendered":"<p>Direkt am Skigebiet in Olpe Fahlenscheid befindet sich unsere Vereinsh\u00fctte. Auf einem vom Landwirt Josef Stinn gepachteten Grundst\u00fcck wurde der massive Bau&nbsp;in Eigenleistung von Skiclubmitgliedern erstellt. Die H\u00fctte ist voll unterkellert und bietet so die M\u00f6glichkeit z.B. Material f\u00fcr unsere Aktivit\u00e4ten am Skihang zu lagern, aber auch alles f\u00fcr eine z\u00fcnftige Gartenparty kann dort untergebracht &hellip; <\/p>\n<p><a class=\"more-link btn\" href=\"https:\/\/www.skiclub-olpe.de\/wp\/der-verein\/unsere-vereinshuette-in-fahlenscheid\/\">Weiterlesen<\/a><\/p>\n","protected":false},"author":2,"featured_media":0,"parent":63,"menu_order":0,"comment_status":"closed","ping_status":"closed","template":"","meta":{"ngg_post_thumbnail":0,"footnotes":""},"class_list":["post-4871","page","type-page","status-publish","hentry","nodate","item-wrap"],"_links":{"self":[{"href":"https:\/\/www.skiclub-olpe.de\/wp\/wp-json\/wp\/v2\/pages\/4871","targetHints":{"allow":["GET"]}}],"collection":[{"href":"https:\/\/www.skiclub-olpe.de\/wp\/wp-json\/wp\/v2\/pages"}],"about":[{"href":"https:\/\/www.skiclub-olpe.de\/wp\/wp-json\/wp\/v2\/types\/page"}],"author":[{"embeddable":true,"href":"https:\/\/www.skiclub-olpe.de\/wp\/wp-json\/wp\/v2\/users\/2"}],"replies":[{"embeddable":true,"href":"https:\/\/www.skiclub-olpe.de\/wp\/wp-json\/wp\/v2\/comments?post=4871"}],"version-history":[{"count":6,"href":"https:\/\/www.skiclub-olpe.de\/wp\/wp-json\/wp\/v2\/pages\/4871\/revisions"}],"predecessor-version":[{"id":6243,"href":"https:\/\/www.skiclub-olpe.de\/wp\/wp-json\/wp\/v2\/pages\/4871\/revisions\/6243"}],"up":[{"embeddable":true,"href":"https:\/\/www.skiclub-olpe.de\/wp\/wp-json\/wp\/v2\/pages\/63"}],"wp:attachment":[{"href":"https:\/\/www.skiclub-olpe.de\/wp\/wp-json\/wp\/v2\/media?parent=4871"}],"curies":[{"name":"wp","href":"https:\/\/api.w.org\/{rel}","templated":true}]}}