{"id":189,"date":"2014-11-11T13:26:27","date_gmt":"2014-11-11T11:26:27","guid":{"rendered":"http:\/\/www.skiclub-olpe.de\/wp_otc\/?page_id=189"},"modified":"2023-03-13T10:12:23","modified_gmt":"2023-03-13T08:12:23","slug":"information","status":"publish","type":"page","link":"https:\/\/www.skiclub-olpe.de\/wp_otc\/?page_id=189","title":{"rendered":"Information"},"content":{"rendered":"<p>Der Olper Teamcup kurz erl\u00e4utert:<\/p>\n<ul>\n<li>Mannschaftslauf f\u00fcr Jedermann (Firmen, Vereine, Nachbarschaften usw.) durch die Olper Innenstadt<\/li>\n<li>mindestens 4 Teilnehmer je Team (mit einem gleichen Kleidungsst\u00fcck &#8211; z.B. M\u00fctze, Hose oder Shirt&#8230;)<\/li>\n<li>2 separate L\u00e4ufe f\u00fcr Grundschulen (1 Runde) und 1 Lauf f\u00fcr weiterf\u00fchrende Schulen (2 Runden)<\/li>\n<li>Hauptlauf (3 Runden = 5,2km) mit Frauen-, Mix- und M\u00e4nner-Wertung<\/li>\n<li>Teamwertung auf Basis der Einzelplatzierungen (keine Zeitnahme !!)<\/li>\n<li>Pokale f\u00fcr die besten Teams, Verlosung von Sachpreisen unter allen Teams<\/li>\n<\/ul>\n","protected":false},"excerpt":{"rendered":"<p>Der Olper Teamcup kurz erl\u00e4utert: Mannschaftslauf f\u00fcr Jedermann (Firmen, Vereine, Nachbarschaften usw.) durch die Olper Innenstadt mindestens 4 Teilnehmer je Team (mit einem gleichen Kleidungsst\u00fcck &#8211; z.B. M\u00fctze, Hose oder Shirt&#8230;) 2 separate L\u00e4ufe f\u00fcr Grundschulen (1 Runde) und 1 Lauf f\u00fcr weiterf\u00fchrende Schulen (2 Runden) Hauptlauf (3 Runden = 5,2km) mit Frauen-, Mix- und &hellip; <\/p>\n<p><a class=\"more-link btn\" href=\"https:\/\/www.skiclub-olpe.de\/wp_otc\/?page_id=189\">Weiterlesen<\/a><\/p>\n","protected":false},"author":3,"featured_media":0,"parent":0,"menu_order":0,"comment_status":"open","ping_status":"open","template":"","meta":{"ngg_post_thumbnail":0,"footnotes":""},"class_list":["post-189","page","type-page","status-publish","hentry","nodate","item-wrap"],"_links":{"self":[{"href":"https:\/\/www.skiclub-olpe.de\/wp_otc\/index.php?rest_route=\/wp\/v2\/pages\/189","targetHints":{"allow":["GET"]}}],"collection":[{"href":"https:\/\/www.skiclub-olpe.de\/wp_otc\/index.php?rest_route=\/wp\/v2\/pages"}],"about":[{"href":"https:\/\/www.skiclub-olpe.de\/wp_otc\/index.php?rest_route=\/wp\/v2\/types\/page"}],"author":[{"embeddable":true,"href":"https:\/\/www.skiclub-olpe.de\/wp_otc\/index.php?rest_route=\/wp\/v2\/users\/3"}],"replies":[{"embeddable":true,"href":"https:\/\/www.skiclub-olpe.de\/wp_otc\/index.php?rest_route=%2Fwp%2Fv2%2Fcomments&post=189"}],"version-history":[{"count":2,"href":"https:\/\/www.skiclub-olpe.de\/wp_otc\/index.php?rest_route=\/wp\/v2\/pages\/189\/revisions"}],"predecessor-version":[{"id":927,"href":"https:\/\/www.skiclub-olpe.de\/wp_otc\/index.php?rest_route=\/wp\/v2\/pages\/189\/revisions\/927"}],"wp:attachment":[{"href":"https:\/\/www.skiclub-olpe.de\/wp_otc\/index.php?rest_route=%2Fwp%2Fv2%2Fmedia&parent=189"}],"curies":[{"name":"wp","href":"https:\/\/api.w.org\/{rel}","templated":true}]}}