{"id":195,"date":"2014-11-11T16:00:18","date_gmt":"2014-11-11T14:00:18","guid":{"rendered":"http:\/\/www.skiclub-olpe.de\/wp_otc\/?page_id=195"},"modified":"2014-11-11T16:00:18","modified_gmt":"2014-11-11T14:00:18","slug":"impressum","status":"publish","type":"page","link":"https:\/\/www.skiclub-olpe.de\/wp_otc\/?page_id=195","title":{"rendered":"Impressum"},"content":{"rendered":"<table width=\"100%\" cellspacing=\"0\" cellpadding=\"5\">\n<tbody>\n<tr>\n<td align=\"left\" valign=\"top\" nowrap=\"nowrap\">Verantwortlich f\u00fcr den Inhalt:<\/td>\n<td align=\"left\" valign=\"top\" width=\"100%\">Skiclub Olpe e.V.<br \/>\nPostfach 1128<br \/>\n57441 Olpe<br \/>\nVereinsregister des Amtsgerichts Olpe, VR 0451<\/td>\n<\/tr>\n<tr>\n<td colspan=\"2\">\n<p align=\"justify\">Copyright<br \/>\nAlle Teile dieser Website unterliegen dem Copyright. F\u00fcr Fehler im Text oder falsche Links wird keine Haftung \u00fcbernommen. F\u00fcr die Inhalte der verlinkten Seiten sind die jeweiligen Betreiber verantwortlich. Das Layout, Design und Inhalt sind urheberrechtlich gesch\u00fctzt.<\/p>\n<p align=\"justify\">Verwendung von Facebook-Plugins:<br \/>\nAuf diesen Internetseiten werden Plugins des sozialen Netzwerkes facebook.com verwendet, das von<br \/>\nder Facebook Inc., 1601 S. California Ave, Palo Alto, CA 94304, USA betrieben wird (\u201cFacebook\u201d ).<br \/>\nWenn Sie mit einen solchen Plugin versehene Internetseiten unserer Internetpr\u00e4senz aufrufen, wird<br \/>\neine Verbindung zu den Facebook-Servern hergestellt und dabei das Plugin durch Mitteilung an Ihren<br \/>\nBrowser auf der Internetseite dargestellt. Hierdurch wird an den Facebook-Server \u00fcbermittelt, welche<br \/>\nunserer Internetseiten Sie besucht haben. Sind Sie dabei als Mitglied bei Facebook eingeloggt, ordnet<br \/>\nFacebook diese Information Ihrem pers\u00f6nlichen Facebook-Benutzerkonto zu. Bei der Nutzung der<br \/>\nPlugin-Funktionen (z.B. Anklicken des \u201eGef\u00e4llt mir\u201c- oder \u201eSenden\u201c-Buttons, Abgabe eines<br \/>\nKommentars\/Empfehlung) werden auch diese Informationen Ihrem Facebook-Konto zugeordnet, was<br \/>\nSie nur durch Ausloggen vor Nutzung des Plugins verhindern k\u00f6nnen.<br \/>\nN\u00e4here Informationen zur Erhebung und Nutzung der Daten durch Facebook, \u00fcber Ihre<br \/>\ndiesbez\u00fcglichen Rechte und M\u00f6glichkeiten zum Schutz Ihrer Privatsph\u00e4re finden Sie in den<br \/>\nDatenschutzhinweisen von Facebook.<\/p>\n<\/td>\n<\/tr>\n<\/tbody>\n<\/table>\n","protected":false},"excerpt":{"rendered":"<p>Verantwortlich f\u00fcr den Inhalt: Skiclub Olpe e.V. Postfach 1128 57441 Olpe Vereinsregister des Amtsgerichts Olpe, VR 0451 Copyright Alle Teile dieser Website unterliegen dem Copyright. F\u00fcr Fehler im Text oder falsche Links wird keine Haftung \u00fcbernommen. F\u00fcr die Inhalte der verlinkten Seiten sind die jeweiligen Betreiber verantwortlich. Das Layout, Design und Inhalt sind urheberrechtlich gesch\u00fctzt. &hellip; <\/p>\n<p><a class=\"more-link btn\" href=\"https:\/\/www.skiclub-olpe.de\/wp_otc\/?page_id=195\">Weiterlesen<\/a><\/p>\n","protected":false},"author":3,"featured_media":0,"parent":0,"menu_order":0,"comment_status":"open","ping_status":"open","template":"","meta":{"ngg_post_thumbnail":0,"footnotes":""},"class_list":["post-195","page","type-page","status-publish","hentry","nodate","item-wrap"],"_links":{"self":[{"href":"https:\/\/www.skiclub-olpe.de\/wp_otc\/index.php?rest_route=\/wp\/v2\/pages\/195","targetHints":{"allow":["GET"]}}],"collection":[{"href":"https:\/\/www.skiclub-olpe.de\/wp_otc\/index.php?rest_route=\/wp\/v2\/pages"}],"about":[{"href":"https:\/\/www.skiclub-olpe.de\/wp_otc\/index.php?rest_route=\/wp\/v2\/types\/page"}],"author":[{"embeddable":true,"href":"https:\/\/www.skiclub-olpe.de\/wp_otc\/index.php?rest_route=\/wp\/v2\/users\/3"}],"replies":[{"embeddable":true,"href":"https:\/\/www.skiclub-olpe.de\/wp_otc\/index.php?rest_route=%2Fwp%2Fv2%2Fcomments&post=195"}],"version-history":[{"count":1,"href":"https:\/\/www.skiclub-olpe.de\/wp_otc\/index.php?rest_route=\/wp\/v2\/pages\/195\/revisions"}],"predecessor-version":[{"id":196,"href":"https:\/\/www.skiclub-olpe.de\/wp_otc\/index.php?rest_route=\/wp\/v2\/pages\/195\/revisions\/196"}],"wp:attachment":[{"href":"https:\/\/www.skiclub-olpe.de\/wp_otc\/index.php?rest_route=%2Fwp%2Fv2%2Fmedia&parent=195"}],"curies":[{"name":"wp","href":"https:\/\/api.w.org\/{rel}","templated":true}]}}