{"id":747,"date":"2019-03-16T12:15:39","date_gmt":"2019-03-16T10:15:39","guid":{"rendered":"http:\/\/www.skiclub-olpe.de\/wp_otc\/?page_id=747"},"modified":"2022-05-02T21:40:02","modified_gmt":"2022-05-02T19:40:02","slug":"anmeldung-zum-olper-teamcup-2019","status":"publish","type":"page","link":"https:\/\/www.skiclub-olpe.de\/wp_otc\/?page_id=747","title":{"rendered":"Anmeldung zum Olper Teamcup 2022"},"content":{"rendered":"<p>Hier kann man sich zum Olper Teamcup anmelden oder Teilnehmer nachmelden.<\/p>\n<p>&nbsp;<\/p>\n<p>Was m\u00f6chten Sie tun?<\/p>\n<p>Bitte w\u00e4hlen:<\/p>\n<p><a href=\"https:\/\/www.skiclub-olpe.de\/wp_otc\/?page_id=743\" target=\"_blank\" rel=\"noopener noreferrer\"><strong>Eine neue Manschaft anmelden <\/strong><\/a><\/p>\n<p>oder<\/p>\n<p><strong><a href=\"https:\/\/www.skiclub-olpe.de\/teamcup\/anmw.htm\" target=\"_blank\" rel=\"noopener noreferrer\">Teilnehmer zu einer bereits gemeldeten Mannschaft hinzuf\u00fcgen<\/a><\/strong><\/p>\n<p>&nbsp;<\/p>\n","protected":false},"excerpt":{"rendered":"<p>Hier kann man sich zum Olper Teamcup anmelden oder Teilnehmer nachmelden. &nbsp; Was m\u00f6chten Sie tun? Bitte w\u00e4hlen: Eine neue Manschaft anmelden oder Teilnehmer zu einer bereits gemeldeten Mannschaft hinzuf\u00fcgen &nbsp;<\/p>\n","protected":false},"author":3,"featured_media":0,"parent":0,"menu_order":0,"comment_status":"closed","ping_status":"closed","template":"","meta":{"ngg_post_thumbnail":0,"footnotes":""},"class_list":["post-747","page","type-page","status-publish","hentry","nodate","item-wrap"],"_links":{"self":[{"href":"https:\/\/www.skiclub-olpe.de\/wp_otc\/index.php?rest_route=\/wp\/v2\/pages\/747","targetHints":{"allow":["GET"]}}],"collection":[{"href":"https:\/\/www.skiclub-olpe.de\/wp_otc\/index.php?rest_route=\/wp\/v2\/pages"}],"about":[{"href":"https:\/\/www.skiclub-olpe.de\/wp_otc\/index.php?rest_route=\/wp\/v2\/types\/page"}],"author":[{"embeddable":true,"href":"https:\/\/www.skiclub-olpe.de\/wp_otc\/index.php?rest_route=\/wp\/v2\/users\/3"}],"replies":[{"embeddable":true,"href":"https:\/\/www.skiclub-olpe.de\/wp_otc\/index.php?rest_route=%2Fwp%2Fv2%2Fcomments&post=747"}],"version-history":[{"count":4,"href":"https:\/\/www.skiclub-olpe.de\/wp_otc\/index.php?rest_route=\/wp\/v2\/pages\/747\/revisions"}],"predecessor-version":[{"id":843,"href":"https:\/\/www.skiclub-olpe.de\/wp_otc\/index.php?rest_route=\/wp\/v2\/pages\/747\/revisions\/843"}],"wp:attachment":[{"href":"https:\/\/www.skiclub-olpe.de\/wp_otc\/index.php?rest_route=%2Fwp%2Fv2%2Fmedia&parent=747"}],"curies":[{"name":"wp","href":"https:\/\/api.w.org\/{rel}","templated":true}]}}